{"id":422,"date":"2024-10-01T08:51:02","date_gmt":"2024-10-01T08:51:02","guid":{"rendered":"https:\/\/riolagartosmexico.com\/about\/"},"modified":"2024-10-04T07:20:36","modified_gmt":"2024-10-04T07:20:36","slug":"chi-siamo","status":"publish","type":"page","link":"https:\/\/riolagartosmexico.com\/it\/chi-siamo\/","title":{"rendered":"CHI SIAMO"},"content":{"rendered":"<div class=\"wpb-content-wrapper\"><p>[vc_row full_width=&#8221;stretch_row_content_no_spaces&#8221;][vc_column][vc_single_image image=&#8221;258&#8243; img_size=&#8221;1920&#215;850&#8243; css=&#8221;&#8221;][\/vc_column][\/vc_row][vc_row][vc_column width=&#8221;1\/2&#8243;]<div class=\"ult-spacer spacer-69f29985d4c7f\" data-id=\"69f29985d4c7f\" data-height=\"50\" data-height-mobile=\"25\" data-height-tab=\"25\" data-height-tab-portrait=\"25\" data-height-mobile-landscape=\"25\" style=\"clear:both;display:block;\"><\/div>[vc_custom_heading text=&#8221;RIO LAGARTOS RIVIERA MAYA TOURS&#8221; font_container=&#8221;tag:h1|font_size:45|text_align:left|color:%23000000&#8243; google_fonts=&#8221;font_family:Montserrat%3Aregular%2C700|font_style:700%20bold%20regular%3A700%3Anormal&#8221; css=&#8221;&#8221;][vc_column_text css=&#8221;&#8221;]<\/p>\n<h2 style=\"text-align: left; font-size: 18px; line-height: 1; font-weight: 400; font-family: Montserrat;\">BENVENUTO ALL&#8217;AGENZIA DI TOUR DI RIO LAGARTOS<\/h2>\n<p>[\/vc_column_text][vc_column_text css=&#8221;&#8221;]<\/p>\n<p style=\"text-align: left; font-size: 16px; line-height: 1.5; font-weight: 400; font-family: Open Sans;\"><strong>R\u00edo Lagartos Riviera Maya Tours<\/strong> \u00e8 un&#8217;agenzia turistica specializzata in <strong>tour privati in barca<\/strong> nella splendida zona di <strong>R\u00edo Lagartos<\/strong> nello Yucat\u00e1n, Messico. Siamo Tony e Betta, una coppia italiana che ha chiamato il Messico casa per oltre 30 anni. La nostra profonda passione per la flora e la fauna della regione ci ha portato nello Yucat\u00e1n, e pi\u00f9 precisamente a R\u00edo Lagartos.<\/p>\n<p style=\"text-align: left; font-size: 16px; line-height: 1.5; font-weight: 400; font-family: Open Sans;\">Con i nostri tour in barca personalizzati, <strong>offriamo agli appassionati della natura la possibilit\u00e0 di sperimentare la bellezza mozzafiato della zona<\/strong> in un modo unico e intimo. La nostra azienda nasce da un profondo amore e rispetto per la natura e la fauna selvatica, e ci sforziamo di condividere questa passione con tutti i nostri ospiti.<\/p>\n<p style=\"text-align: left; font-size: 16px; line-height: 1.5; font-weight: 400; font-family: Open Sans;\">Con <strong>oltre 20 anni di esperienza<\/strong> nel settore del turismo, siamo guide turistiche certificate (NOM08), assicurando ai nostri clienti la conoscenza esperta e un servizio impeccabile in ogni avventura.<\/p>\n<p>[\/vc_column_text][\/vc_column][vc_column width=&#8221;1\/2&#8243;]<div class=\"ult-spacer spacer-69f29985d4cc8\" data-id=\"69f29985d4cc8\" data-height=\"50\" data-height-mobile=\"25\" data-height-tab=\"25\" data-height-tab-portrait=\"25\" data-height-mobile-landscape=\"25\" style=\"clear:both;display:block;\"><\/div>[vc_single_image image=&#8221;222&#8243; img_size=&#8221;full&#8221; alignment=&#8221;center&#8221; style=&#8221;vc_box_border_circle_2&#8243; border_color=&#8221;white&#8221; css=&#8221;&#8221;][\/vc_column][\/vc_row][vc_row full_width=&#8221;stretch_row_content_no_spaces&#8221; css=&#8221;.vc_custom_1727251303191{background-image: url(https:\/\/riolagartosmexico.com\/wp-content\/uploads\/2024\/09\/CONACT-BG-RIO-LAGARTOS-1920X700.jpg?id=60) !important;background-position: center !important;background-repeat: no-repeat !important;background-size: cover !important;}&#8221;][vc_column]<div class=\"ult-spacer spacer-69f29985d4d06\" data-id=\"69f29985d4d06\" data-height=\"70\" data-height-mobile=\"40\" data-height-tab=\"40\" data-height-tab-portrait=\"40\" data-height-mobile-landscape=\"40\" style=\"clear:both;display:block;\"><\/div>[vc_custom_heading text=&#8221;LA VITA \u00c8 ADESSO.&#8221; font_container=&#8221;tag:h6|font_size:55|text_align:center|color:%23ffffff&#8221; google_fonts=&#8221;font_family:Montserrat%3Aregular%2C700|font_style:700%20bold%20regular%3A700%3Anormal&#8221; css=&#8221;&#8221;][vc_column_text css=&#8221;&#8221;]<\/p>\n<h6 style=\"text-align: center; font-size: 35px; color: #ffffff; line-height: 1; font-weight: 400; font-family: Montserrat;\">VIVI LA TUA ESPERIENZA CON NOI!<\/h6>\n<p>[\/vc_column_text]<div class=\" ubtn-ctn-center popmake-436\"><button type=\"button\" id=\"ubtn-6032\"  class=\"ubtn ult-adjust-bottom-margin ult-responsive ubtn-custom ubtn-no-hover-bg  none  ubtn-center popmake-436  tooltip-69f29985d4d45\"  data-hover=\"\" data-border-color=\"#ffffff\" data-bg=\"\" data-hover-bg=\"\" data-border-hover=\"#ffffff\" data-shadow-hover=\"\" data-shadow-click=\"none\" data-shadow=\"\" data-shd-shadow=\"\"  data-ultimate-target='#ubtn-6032'  data-responsive-json-new='{\"font-size\":\"desktop:18px;\",\"line-height\":\"\"}'  style=\"font-weight:normal;width:150px;min-height:40px;padding:px px;border-radius:30px;border-width:1px;border-color:#ffffff;border-style:solid;color: #ffffff;\"><span class=\"ubtn-hover\" style=\"background-color:\"><\/span><span class=\"ubtn-data ubtn-text \" >CONTATTACI<\/span><\/button><\/div><div class=\"ult-spacer spacer-69f29985d4dc9\" data-id=\"69f29985d4dc9\" data-height=\"40\" data-height-mobile=\"5\" data-height-tab=\"5\" data-height-tab-portrait=\"5\" data-height-mobile-landscape=\"5\" style=\"clear:both;display:block;\"><\/div>[\/vc_column][\/vc_row]<\/p>\n<\/div>","protected":false},"excerpt":{"rendered":"<p>[vc_row full_width=&#8221;stretch_row_content_no_spaces&#8221;][vc_column][vc_single_image image=&#8221;258&#8243; img_size=&#8221;1920&#215;850&#8243; css=&#8221;&#8221;][\/vc_column][\/vc_row][vc_row][vc_column width=&#8221;1\/2&#8243;][vc_custom_heading text=&#8221;RIO LAGARTOS RIVIERA MAYA TOURS&#8221; font_container=&#8221;tag:h1|font_size:45|text_align:left|color:%23000000&#8243; google_fonts=&#8221;font_family:Montserrat%3Aregular%2C700|font_style:700%20bold%20regular%3A700%3Anormal&#8221; css=&#8221;&#8221;][vc_column_text css=&#8221;&#8221;] BENVENUTO ALL&#8217;AGENZIA DI TOUR DI RIO LAGARTOS [\/vc_column_text][vc_column_text css=&#8221;&#8221;] R\u00edo Lagartos Riviera Maya Tours \u00e8 un&#8217;agenzia turistica specializzata in tour privati in barca nella splendida zona di R\u00edo Lagartos nello Yucat\u00e1n, Messico. Siamo Tony e Betta, una coppia italiana che [&hellip;]<\/p>\n","protected":false},"author":1,"featured_media":0,"parent":0,"menu_order":0,"comment_status":"closed","ping_status":"closed","template":"","meta":{"_joinchat":[],"footnotes":""},"class_list":["post-422","page","type-page","status-publish","hentry"],"yoast_head":"<!-- This site is optimized with the Yoast SEO plugin v27.2 - https:\/\/yoast.com\/product\/yoast-seo-wordpress\/ -->\n<title>CHI SIAMO | RIO LAGARTOS RIVIERA MAYA TOURS<\/title>\n<meta name=\"robots\" content=\"index, follow, max-snippet:-1, max-image-preview:large, max-video-preview:-1\" \/>\n<link rel=\"canonical\" href=\"https:\/\/riolagartosmexico.com\/about\/\" \/>\n<meta property=\"og:locale\" content=\"it_IT\" \/>\n<meta property=\"og:type\" content=\"article\" \/>\n<meta property=\"og:title\" content=\"CHI SIAMO | RIO LAGARTOS RIVIERA MAYA TOURS\" \/>\n<meta property=\"og:description\" content=\"[vc_row full_width=&#8221;stretch_row_content_no_spaces&#8221;][vc_column][vc_single_image image=&#8221;258&#8243; img_size=&#8221;1920&#215;850&#8243; css=&#8221;&#8221;][\/vc_column][\/vc_row][vc_row][vc_column width=&#8221;1\/2&#8243;][vc_custom_heading text=&#8221;RIO LAGARTOS RIVIERA MAYA TOURS&#8221; font_container=&#8221;tag:h1|font_size:45|text_align:left|color:%23000000&#8243; google_fonts=&#8221;font_family:Montserrat%3Aregular%2C700|font_style:700%20bold%20regular%3A700%3Anormal&#8221; css=&#8221;&#8221;][vc_column_text css=&#8221;&#8221;] BENVENUTO ALL&#8217;AGENZIA DI TOUR DI RIO LAGARTOS [\/vc_column_text][vc_column_text css=&#8221;&#8221;] R\u00edo Lagartos Riviera Maya Tours \u00e8 un&#8217;agenzia turistica specializzata in tour privati in barca nella splendida zona di R\u00edo Lagartos nello Yucat\u00e1n, Messico. Siamo Tony e Betta, una coppia italiana che [&hellip;]\" \/>\n<meta property=\"og:url\" content=\"https:\/\/riolagartosmexico.com\/about\/\" \/>\n<meta property=\"og:site_name\" content=\"RIO LAGARTOS RIVIERA MAYA TOURS\" \/>\n<meta property=\"article:publisher\" content=\"https:\/\/www.facebook.com\/riolagartosrivieramayatousr\/\" \/>\n<meta property=\"article:modified_time\" content=\"2024-10-04T07:20:36+00:00\" \/>\n<meta property=\"og:image\" content=\"https:\/\/riolagartosmexico.com\/wp-content\/uploads\/2024\/09\/PORTADA-HOME-1920X850.jpg\" \/>\n\t<meta property=\"og:image:width\" content=\"1920\" \/>\n\t<meta property=\"og:image:height\" content=\"850\" \/>\n\t<meta property=\"og:image:type\" content=\"image\/jpeg\" \/>\n<meta name=\"twitter:card\" content=\"summary_large_image\" \/>\n<meta name=\"twitter:label1\" content=\"Tempo di lettura stimato\" \/>\n\t<meta name=\"twitter:data1\" content=\"2 minuti\" \/>\n<script type=\"application\/ld+json\" class=\"yoast-schema-graph\">{\"@context\":\"https:\/\/schema.org\",\"@graph\":[{\"@type\":\"WebPage\",\"@id\":\"https:\/\/riolagartosmexico.com\/about\/\",\"url\":\"https:\/\/riolagartosmexico.com\/about\/\",\"name\":\"CHI SIAMO | RIO LAGARTOS RIVIERA MAYA TOURS\",\"isPartOf\":{\"@id\":\"https:\/\/riolagartosmexico.com\/#website\"},\"datePublished\":\"2024-10-01T08:51:02+00:00\",\"dateModified\":\"2024-10-04T07:20:36+00:00\",\"breadcrumb\":{\"@id\":\"https:\/\/riolagartosmexico.com\/about\/#breadcrumb\"},\"inLanguage\":\"it-IT\",\"potentialAction\":[{\"@type\":\"ReadAction\",\"target\":[\"https:\/\/riolagartosmexico.com\/about\/\"]}]},{\"@type\":\"BreadcrumbList\",\"@id\":\"https:\/\/riolagartosmexico.com\/about\/#breadcrumb\",\"itemListElement\":[{\"@type\":\"ListItem\",\"position\":1,\"name\":\"Home\",\"item\":\"https:\/\/riolagartosmexico.com\/it\/\"},{\"@type\":\"ListItem\",\"position\":2,\"name\":\"CHI SIAMO\"}]},{\"@type\":\"WebSite\",\"@id\":\"https:\/\/riolagartosmexico.com\/#website\",\"url\":\"https:\/\/riolagartosmexico.com\/\",\"name\":\"RIO LAGARTOS RIVIERA MAYA TOURS\",\"description\":\"Tours in Rio Lagartos Mexico\",\"publisher\":{\"@id\":\"https:\/\/riolagartosmexico.com\/#organization\"},\"alternateName\":\"PRIVATE TOURS IN RIO LAGARTOS\",\"potentialAction\":[{\"@type\":\"SearchAction\",\"target\":{\"@type\":\"EntryPoint\",\"urlTemplate\":\"https:\/\/riolagartosmexico.com\/?s={search_term_string}\"},\"query-input\":{\"@type\":\"PropertyValueSpecification\",\"valueRequired\":true,\"valueName\":\"search_term_string\"}}],\"inLanguage\":\"it-IT\"},{\"@type\":\"Organization\",\"@id\":\"https:\/\/riolagartosmexico.com\/#organization\",\"name\":\"RIO LAGARTOS RIVIERA MAYA TOURS\",\"alternateName\":\"PRIVATE TOURS IN RIO LAGARTOS AND THE RIVIERA MAYA\",\"url\":\"https:\/\/riolagartosmexico.com\/\",\"logo\":{\"@type\":\"ImageObject\",\"inLanguage\":\"it-IT\",\"@id\":\"https:\/\/riolagartosmexico.com\/#\/schema\/logo\/image\/\",\"url\":\"https:\/\/riolagartosmexico.com\/wp-content\/uploads\/2024\/09\/cropped-LGO-RIO-LAGARTOS-170X170.png\",\"contentUrl\":\"https:\/\/riolagartosmexico.com\/wp-content\/uploads\/2024\/09\/cropped-LGO-RIO-LAGARTOS-170X170.png\",\"width\":512,\"height\":512,\"caption\":\"RIO LAGARTOS RIVIERA MAYA TOURS\"},\"image\":{\"@id\":\"https:\/\/riolagartosmexico.com\/#\/schema\/logo\/image\/\"},\"sameAs\":[\"https:\/\/www.facebook.com\/riolagartosrivieramayatousr\/\",\"https:\/\/www.instagram.com\/riolagartosrivieramayatours\/\"]}]}<\/script>\n<!-- \/ Yoast SEO plugin. -->","yoast_head_json":{"title":"CHI SIAMO | RIO LAGARTOS RIVIERA MAYA TOURS","robots":{"index":"index","follow":"follow","max-snippet":"max-snippet:-1","max-image-preview":"max-image-preview:large","max-video-preview":"max-video-preview:-1"},"canonical":"https:\/\/riolagartosmexico.com\/about\/","og_locale":"it_IT","og_type":"article","og_title":"CHI SIAMO | RIO LAGARTOS RIVIERA MAYA TOURS","og_description":"[vc_row full_width=&#8221;stretch_row_content_no_spaces&#8221;][vc_column][vc_single_image image=&#8221;258&#8243; img_size=&#8221;1920&#215;850&#8243; css=&#8221;&#8221;][\/vc_column][\/vc_row][vc_row][vc_column width=&#8221;1\/2&#8243;][vc_custom_heading text=&#8221;RIO LAGARTOS RIVIERA MAYA TOURS&#8221; font_container=&#8221;tag:h1|font_size:45|text_align:left|color:%23000000&#8243; google_fonts=&#8221;font_family:Montserrat%3Aregular%2C700|font_style:700%20bold%20regular%3A700%3Anormal&#8221; css=&#8221;&#8221;][vc_column_text css=&#8221;&#8221;] BENVENUTO ALL&#8217;AGENZIA DI TOUR DI RIO LAGARTOS [\/vc_column_text][vc_column_text css=&#8221;&#8221;] R\u00edo Lagartos Riviera Maya Tours \u00e8 un&#8217;agenzia turistica specializzata in tour privati in barca nella splendida zona di R\u00edo Lagartos nello Yucat\u00e1n, Messico. Siamo Tony e Betta, una coppia italiana che [&hellip;]","og_url":"https:\/\/riolagartosmexico.com\/about\/","og_site_name":"RIO LAGARTOS RIVIERA MAYA TOURS","article_publisher":"https:\/\/www.facebook.com\/riolagartosrivieramayatousr\/","article_modified_time":"2024-10-04T07:20:36+00:00","og_image":[{"width":1920,"height":850,"url":"https:\/\/riolagartosmexico.com\/wp-content\/uploads\/2024\/09\/PORTADA-HOME-1920X850.jpg","type":"image\/jpeg"}],"twitter_card":"summary_large_image","twitter_misc":{"Tempo di lettura stimato":"2 minuti"},"schema":{"@context":"https:\/\/schema.org","@graph":[{"@type":"WebPage","@id":"https:\/\/riolagartosmexico.com\/about\/","url":"https:\/\/riolagartosmexico.com\/about\/","name":"CHI SIAMO | RIO LAGARTOS RIVIERA MAYA TOURS","isPartOf":{"@id":"https:\/\/riolagartosmexico.com\/#website"},"datePublished":"2024-10-01T08:51:02+00:00","dateModified":"2024-10-04T07:20:36+00:00","breadcrumb":{"@id":"https:\/\/riolagartosmexico.com\/about\/#breadcrumb"},"inLanguage":"it-IT","potentialAction":[{"@type":"ReadAction","target":["https:\/\/riolagartosmexico.com\/about\/"]}]},{"@type":"BreadcrumbList","@id":"https:\/\/riolagartosmexico.com\/about\/#breadcrumb","itemListElement":[{"@type":"ListItem","position":1,"name":"Home","item":"https:\/\/riolagartosmexico.com\/it\/"},{"@type":"ListItem","position":2,"name":"CHI SIAMO"}]},{"@type":"WebSite","@id":"https:\/\/riolagartosmexico.com\/#website","url":"https:\/\/riolagartosmexico.com\/","name":"RIO LAGARTOS RIVIERA MAYA TOURS","description":"Tours in Rio Lagartos Mexico","publisher":{"@id":"https:\/\/riolagartosmexico.com\/#organization"},"alternateName":"PRIVATE TOURS IN RIO LAGARTOS","potentialAction":[{"@type":"SearchAction","target":{"@type":"EntryPoint","urlTemplate":"https:\/\/riolagartosmexico.com\/?s={search_term_string}"},"query-input":{"@type":"PropertyValueSpecification","valueRequired":true,"valueName":"search_term_string"}}],"inLanguage":"it-IT"},{"@type":"Organization","@id":"https:\/\/riolagartosmexico.com\/#organization","name":"RIO LAGARTOS RIVIERA MAYA TOURS","alternateName":"PRIVATE TOURS IN RIO LAGARTOS AND THE RIVIERA MAYA","url":"https:\/\/riolagartosmexico.com\/","logo":{"@type":"ImageObject","inLanguage":"it-IT","@id":"https:\/\/riolagartosmexico.com\/#\/schema\/logo\/image\/","url":"https:\/\/riolagartosmexico.com\/wp-content\/uploads\/2024\/09\/cropped-LGO-RIO-LAGARTOS-170X170.png","contentUrl":"https:\/\/riolagartosmexico.com\/wp-content\/uploads\/2024\/09\/cropped-LGO-RIO-LAGARTOS-170X170.png","width":512,"height":512,"caption":"RIO LAGARTOS RIVIERA MAYA TOURS"},"image":{"@id":"https:\/\/riolagartosmexico.com\/#\/schema\/logo\/image\/"},"sameAs":["https:\/\/www.facebook.com\/riolagartosrivieramayatousr\/","https:\/\/www.instagram.com\/riolagartosrivieramayatours\/"]}]}},"_links":{"self":[{"href":"https:\/\/riolagartosmexico.com\/it\/wp-json\/wp\/v2\/pages\/422","targetHints":{"allow":["GET"]}}],"collection":[{"href":"https:\/\/riolagartosmexico.com\/it\/wp-json\/wp\/v2\/pages"}],"about":[{"href":"https:\/\/riolagartosmexico.com\/it\/wp-json\/wp\/v2\/types\/page"}],"author":[{"embeddable":true,"href":"https:\/\/riolagartosmexico.com\/it\/wp-json\/wp\/v2\/users\/1"}],"replies":[{"embeddable":true,"href":"https:\/\/riolagartosmexico.com\/it\/wp-json\/wp\/v2\/comments?post=422"}],"version-history":[{"count":5,"href":"https:\/\/riolagartosmexico.com\/it\/wp-json\/wp\/v2\/pages\/422\/revisions"}],"predecessor-version":[{"id":438,"href":"https:\/\/riolagartosmexico.com\/it\/wp-json\/wp\/v2\/pages\/422\/revisions\/438"}],"wp:attachment":[{"href":"https:\/\/riolagartosmexico.com\/it\/wp-json\/wp\/v2\/media?parent=422"}],"curies":[{"name":"wp","href":"https:\/\/api.w.org\/{rel}","templated":true}]}}