{"id":515,"date":"2024-09-30T14:07:46","date_gmt":"2024-09-30T14:07:46","guid":{"rendered":"https:\/\/riolagartosmexico.com\/contatto\/"},"modified":"2024-10-04T09:10:35","modified_gmt":"2024-10-04T09:10:35","slug":"contacto","status":"publish","type":"page","link":"https:\/\/riolagartosmexico.com\/es\/contacto\/","title":{"rendered":"CONTACTO"},"content":{"rendered":"<div class=\"wpb-content-wrapper\"><p>[vc_row full_width=\u00bbstretch_row_content_no_spaces\u00bb][vc_column el_class=\u00bbaligncenter\u00bb][vc_single_image image=\u00bb60&#8243; img_size=\u00bb1920&#215;700&#8243; css=\u00bb\u00bb][\/vc_column][\/vc_row][vc_row gap=\u00bb35&#8243;][vc_column width=\u00bb1\/2&#8243;]<div class=\"ult-spacer spacer-69e638d80d0b2\" data-id=\"69e638d80d0b2\" data-height=\"30\" data-height-mobile=\"20\" data-height-tab=\"20\" data-height-tab-portrait=\"20\" data-height-mobile-landscape=\"20\" style=\"clear:both;display:block;\"><\/div>[vc_custom_heading text=\u00bbCONTACTA RIO LAGARTOS<br \/>\nRIVIERA MAYA TOURS\u00bb font_container=\u00bbtag:h1|font_size:40|text_align:left|color:%23000000&#8243; google_fonts=\u00bbfont_family:Montserrat%3Aregular%2C700|font_style:700%20bold%20regular%3A700%3Anormal\u00bb css=\u00bb\u00bb][vc_column_text css=\u00bb.vc_custom_1728033031195{margin-bottom: 0px !important;}\u00bb]Cont\u00e1ctanos para saber m\u00e1s sobre nuestros tours privados en R\u00edo Lagartos o las excursiones m\u00e1s populares de la Riviera Maya.<br \/>\nEstaremos encantados de ayudarte a elegir, e incluso personalizar, la opci\u00f3n que mejor se adapte a tus preferencias.[\/vc_column_text]<div class=\"ult-spacer spacer-69e638d80d0fb\" data-id=\"69e638d80d0fb\" data-height=\"50\" data-height-mobile=\"20\" data-height-tab=\"20\" data-height-tab-portrait=\"20\" data-height-mobile-landscape=\"20\" style=\"clear:both;display:block;\"><\/div>[vc_custom_heading text=\u00bbINFO DE CONTACTO\u00bb font_container=\u00bbtag:h3|font_size:25|text_align:left|color:%23000000&#8243; google_fonts=\u00bbfont_family:Montserrat%3Aregular%2C700|font_style:400%20regular%3A400%3Anormal\u00bb css=\u00bb\u00bb]<div class=\"aio-icon-component    style_1\"><div id=\"Info-box-wrap-9022\" class=\"aio-icon-box left-icon\" style=\"\"  ><div class=\"aio-icon-left\"><div class=\"ult-just-icon-wrapper  \"><div class=\"align-icon\" style=\"text-align:center;\">\n<div class=\"aio-icon circle \"  style=\"color:#ffffff;background:#1293d1;font-size:20px;display:inline-block;\">\n\t<i class=\"Defaults-map-marker\"><\/i>\n<\/div><\/div><\/div><\/div><div class=\"aio-ibd-block\"><div class=\"aio-icon-description ult-responsive\"  data-ultimate-target='#Info-box-wrap-9022 .aio-icon-description'  data-responsive-json-new='{\"font-size\":\"\",\"line-height\":\"\"}'  style=\"\">Calle 9 62A Calle 11, 97720<br \/>\nR\u00edo Lagartos, Yucatan<\/div> <!-- description --><\/div> <!-- aio-ibd-block --><\/div> <!-- aio-icon-box --><\/div> <!-- aio-icon-component --><div class=\"aio-icon-component  vc_custom_1727708832717   style_1\"><div id=\"Info-box-wrap-9700\" class=\"aio-icon-box left-icon\" style=\"\"  ><div class=\"aio-icon-left\"><div class=\"ult-just-icon-wrapper  \"><div class=\"align-icon\" style=\"text-align:center;\">\n<div class=\"aio-icon circle \"  style=\"color:#ffffff;background:#1293d1;font-size:20px;display:inline-block;\">\n\t<i class=\"Defaults-envelope\"><\/i>\n<\/div><\/div><\/div><\/div><div class=\"aio-ibd-block\"><div class=\"aio-icon-description ult-responsive\"  data-ultimate-target='#Info-box-wrap-9700 .aio-icon-description'  data-responsive-json-new='{\"font-size\":\"\",\"line-height\":\"\"}'  style=\"\">info@riolagartosmexico.com<\/div> <!-- description --><\/div> <!-- aio-ibd-block --><\/div> <!-- aio-icon-box --><\/div> <!-- aio-icon-component -->[\/vc_column][vc_column width=\u00bb1\/2&#8243;]<div class=\"ult-spacer spacer-69e638d80d344\" data-id=\"69e638d80d344\" data-height=\"30\" data-height-mobile=\"20\" data-height-tab=\"20\" data-height-tab-portrait=\"20\" data-height-mobile-landscape=\"20\" style=\"clear:both;display:block;\"><\/div>\n<div class=\"wpcf7 no-js\" id=\"wpcf7-f527-o1\" lang=\"en-US\" dir=\"ltr\" data-wpcf7-id=\"527\">\n<div class=\"screen-reader-response\"><p role=\"status\" aria-live=\"polite\" aria-atomic=\"true\"><\/p> <ul><\/ul><\/div>\n<form action=\"\/es\/wp-json\/wp\/v2\/pages\/515#wpcf7-f527-o1\" method=\"post\" class=\"wpcf7-form init\" aria-label=\"Contact form\" novalidate=\"novalidate\" data-status=\"init\">\n<fieldset class=\"hidden-fields-container\"><input type=\"hidden\" name=\"_wpcf7\" value=\"527\" \/><input type=\"hidden\" name=\"_wpcf7_version\" value=\"6.1.5\" \/><input type=\"hidden\" name=\"_wpcf7_locale\" value=\"en_US\" \/><input type=\"hidden\" name=\"_wpcf7_unit_tag\" value=\"wpcf7-f527-o1\" \/><input type=\"hidden\" name=\"_wpcf7_container_post\" value=\"0\" \/><input type=\"hidden\" name=\"_wpcf7_posted_data_hash\" value=\"\" \/><input type=\"hidden\" name=\"_wpcf7_recaptcha_response\" value=\"\" \/>\n<\/fieldset>\n<p><label> Nombre (obligatorio)<br \/>\n<span class=\"wpcf7-form-control-wrap\" data-name=\"your-name\"><input size=\"40\" maxlength=\"400\" class=\"wpcf7-form-control wpcf7-text wpcf7-validates-as-required\" aria-required=\"true\" aria-invalid=\"false\" value=\"\" type=\"text\" name=\"your-name\" \/><\/span> <\/label>\n<\/p>\n<p><label> Email (obligatorio)<br \/>\n<span class=\"wpcf7-form-control-wrap\" data-name=\"your-email\"><input size=\"40\" maxlength=\"400\" class=\"wpcf7-form-control wpcf7-email wpcf7-validates-as-required wpcf7-text wpcf7-validates-as-email\" aria-required=\"true\" aria-invalid=\"false\" value=\"\" type=\"email\" name=\"your-email\" \/><\/span> <\/label>\n<\/p>\n<p><label> Whatsapp (obligatorio)<br \/>\n<span class=\"wpcf7-form-control-wrap\" data-name=\"whatsapp\"><input size=\"40\" maxlength=\"400\" class=\"wpcf7-form-control wpcf7-tel wpcf7-validates-as-required wpcf7-text wpcf7-validates-as-tel\" aria-required=\"true\" aria-invalid=\"false\" value=\"\" type=\"tel\" name=\"whatsapp\" \/><\/span><\/label>\n<\/p>\n<p><label>Selecciona tu tour:<\/label><br \/>\n<span class=\"wpcf7-form-control-wrap\" data-name=\"tour\"><select class=\"wpcf7-form-control wpcf7-select\" aria-invalid=\"false\" name=\"tour\"><option value=\"\">&#8212;Please choose an option&#8212;<\/option><option value=\"TOUR BIOSFERA\">TOUR BIOSFERA<\/option><option value=\"TOUR ATARDECER\">TOUR ATARDECER<\/option><option value=\"TOUR PESCA\">TOUR PESCA<\/option><option value=\"OTROS TOURS POPULARES\">OTROS TOURS POPULARES<\/option><\/select><\/span>\n<\/p>\n<p><label> Tu Mensaje<br \/>\n<span class=\"wpcf7-form-control-wrap\" data-name=\"your-message\"><textarea cols=\"40\" rows=\"10\" maxlength=\"2000\" class=\"wpcf7-form-control wpcf7-textarea\" aria-invalid=\"false\" name=\"your-message\"><\/textarea><\/span> <\/label>\n<\/p>\n<p><input class=\"wpcf7-form-control wpcf7-submit has-spinner\" type=\"submit\" value=\"ENVIAR\" \/>\n<\/p><input type='hidden' class='wpcf7-pum' value='{\"closepopup\":false,\"closedelay\":0,\"openpopup\":false,\"openpopup_id\":0}' \/><div class=\"wpcf7-response-output\" aria-hidden=\"true\"><\/div>\n<\/form>\n<\/div>\n<div class=\"ult-spacer spacer-69e638d81119b\" data-id=\"69e638d81119b\" data-height=\"30\" data-height-mobile=\"20\" data-height-tab=\"20\" data-height-tab-portrait=\"20\" data-height-mobile-landscape=\"20\" style=\"clear:both;display:block;\"><\/div>[\/vc_column][\/vc_row]<\/p>\n<\/div>","protected":false},"excerpt":{"rendered":"<p>[vc_row full_width=\u00bbstretch_row_content_no_spaces\u00bb][vc_column el_class=\u00bbaligncenter\u00bb][vc_single_image image=\u00bb60&#8243; img_size=\u00bb1920&#215;700&#8243; css=\u00bb\u00bb][\/vc_column][\/vc_row][vc_row gap=\u00bb35&#8243;][vc_column width=\u00bb1\/2&#8243;][vc_custom_heading text=\u00bbCONTACTA RIO LAGARTOS RIVIERA MAYA TOURS\u00bb font_container=\u00bbtag:h1|font_size:40|text_align:left|color:%23000000&#8243; google_fonts=\u00bbfont_family:Montserrat%3Aregular%2C700|font_style:700%20bold%20regular%3A700%3Anormal\u00bb css=\u00bb\u00bb][vc_column_text css=\u00bb.vc_custom_1728033031195{margin-bottom: 0px !important;}\u00bb]Cont\u00e1ctanos para saber m\u00e1s sobre nuestros tours privados en R\u00edo Lagartos o las excursiones m\u00e1s populares de la Riviera Maya. Estaremos encantados de ayudarte a elegir, e incluso personalizar, la opci\u00f3n que mejor se adapte a [&hellip;]<\/p>\n","protected":false},"author":1,"featured_media":0,"parent":0,"menu_order":0,"comment_status":"closed","ping_status":"closed","template":"","meta":{"_joinchat":[],"footnotes":""},"class_list":["post-515","page","type-page","status-publish","hentry"],"yoast_head":"<!-- This site is optimized with the Yoast SEO plugin v27.2 - https:\/\/yoast.com\/product\/yoast-seo-wordpress\/ -->\n<title>CONTACTO | RIO LAGARTOS RIVIERA MAYA TOURS<\/title>\n<meta name=\"robots\" content=\"index, follow, max-snippet:-1, max-image-preview:large, max-video-preview:-1\" \/>\n<link rel=\"canonical\" href=\"https:\/\/riolagartosmexico.com\/contacts\/\" \/>\n<meta property=\"og:locale\" content=\"es_ES\" \/>\n<meta property=\"og:type\" content=\"article\" \/>\n<meta property=\"og:title\" content=\"CONTACTO | RIO LAGARTOS RIVIERA MAYA TOURS\" \/>\n<meta property=\"og:description\" content=\"[vc_row full_width=\u00bbstretch_row_content_no_spaces\u00bb][vc_column el_class=\u00bbaligncenter\u00bb][vc_single_image image=\u00bb60&#8243; img_size=\u00bb1920&#215;700&#8243; css=\u00bb\u00bb][\/vc_column][\/vc_row][vc_row gap=\u00bb35&#8243;][vc_column width=\u00bb1\/2&#8243;][vc_custom_heading text=\u00bbCONTACTA RIO LAGARTOS RIVIERA MAYA TOURS\u00bb font_container=\u00bbtag:h1|font_size:40|text_align:left|color:%23000000&#8243; google_fonts=\u00bbfont_family:Montserrat%3Aregular%2C700|font_style:700%20bold%20regular%3A700%3Anormal\u00bb css=\u00bb\u00bb][vc_column_text css=\u00bb.vc_custom_1728033031195{margin-bottom: 0px !important;}\u00bb]Cont\u00e1ctanos para saber m\u00e1s sobre nuestros tours privados en R\u00edo Lagartos o las excursiones m\u00e1s populares de la Riviera Maya. Estaremos encantados de ayudarte a elegir, e incluso personalizar, la opci\u00f3n que mejor se adapte a [&hellip;]\" \/>\n<meta property=\"og:url\" content=\"https:\/\/riolagartosmexico.com\/contacts\/\" \/>\n<meta property=\"og:site_name\" content=\"RIO LAGARTOS RIVIERA MAYA TOURS\" \/>\n<meta property=\"article:publisher\" content=\"https:\/\/www.facebook.com\/riolagartosrivieramayatousr\/\" \/>\n<meta property=\"article:modified_time\" content=\"2024-10-04T09:10:35+00:00\" \/>\n<meta property=\"og:image\" content=\"https:\/\/riolagartosmexico.com\/wp-content\/uploads\/2024\/09\/PORTADA-HOME-1920X850.jpg\" \/>\n\t<meta property=\"og:image:width\" content=\"1920\" \/>\n\t<meta property=\"og:image:height\" content=\"850\" \/>\n\t<meta property=\"og:image:type\" content=\"image\/jpeg\" \/>\n<meta name=\"twitter:card\" content=\"summary_large_image\" \/>\n<meta name=\"twitter:label1\" content=\"Tiempo de lectura\" \/>\n\t<meta name=\"twitter:data1\" content=\"1 minuto\" \/>\n<script type=\"application\/ld+json\" class=\"yoast-schema-graph\">{\"@context\":\"https:\/\/schema.org\",\"@graph\":[{\"@type\":\"WebPage\",\"@id\":\"https:\/\/riolagartosmexico.com\/contacts\/\",\"url\":\"https:\/\/riolagartosmexico.com\/contacts\/\",\"name\":\"CONTACTO | RIO LAGARTOS RIVIERA MAYA TOURS\",\"isPartOf\":{\"@id\":\"https:\/\/riolagartosmexico.com\/#website\"},\"datePublished\":\"2024-09-30T14:07:46+00:00\",\"dateModified\":\"2024-10-04T09:10:35+00:00\",\"breadcrumb\":{\"@id\":\"https:\/\/riolagartosmexico.com\/contacts\/#breadcrumb\"},\"inLanguage\":\"es\",\"potentialAction\":[{\"@type\":\"ReadAction\",\"target\":[\"https:\/\/riolagartosmexico.com\/contacts\/\"]}]},{\"@type\":\"BreadcrumbList\",\"@id\":\"https:\/\/riolagartosmexico.com\/contacts\/#breadcrumb\",\"itemListElement\":[{\"@type\":\"ListItem\",\"position\":1,\"name\":\"Home\",\"item\":\"https:\/\/riolagartosmexico.com\/es\/\"},{\"@type\":\"ListItem\",\"position\":2,\"name\":\"CONTACTO\"}]},{\"@type\":\"WebSite\",\"@id\":\"https:\/\/riolagartosmexico.com\/#website\",\"url\":\"https:\/\/riolagartosmexico.com\/\",\"name\":\"RIO LAGARTOS RIVIERA MAYA TOURS\",\"description\":\"Tours in Rio Lagartos Mexico\",\"publisher\":{\"@id\":\"https:\/\/riolagartosmexico.com\/#organization\"},\"alternateName\":\"PRIVATE TOURS IN RIO LAGARTOS\",\"potentialAction\":[{\"@type\":\"SearchAction\",\"target\":{\"@type\":\"EntryPoint\",\"urlTemplate\":\"https:\/\/riolagartosmexico.com\/?s={search_term_string}\"},\"query-input\":{\"@type\":\"PropertyValueSpecification\",\"valueRequired\":true,\"valueName\":\"search_term_string\"}}],\"inLanguage\":\"es\"},{\"@type\":\"Organization\",\"@id\":\"https:\/\/riolagartosmexico.com\/#organization\",\"name\":\"RIO LAGARTOS RIVIERA MAYA TOURS\",\"alternateName\":\"PRIVATE TOURS IN RIO LAGARTOS AND THE RIVIERA MAYA\",\"url\":\"https:\/\/riolagartosmexico.com\/\",\"logo\":{\"@type\":\"ImageObject\",\"inLanguage\":\"es\",\"@id\":\"https:\/\/riolagartosmexico.com\/#\/schema\/logo\/image\/\",\"url\":\"https:\/\/riolagartosmexico.com\/wp-content\/uploads\/2024\/09\/cropped-LGO-RIO-LAGARTOS-170X170.png\",\"contentUrl\":\"https:\/\/riolagartosmexico.com\/wp-content\/uploads\/2024\/09\/cropped-LGO-RIO-LAGARTOS-170X170.png\",\"width\":512,\"height\":512,\"caption\":\"RIO LAGARTOS RIVIERA MAYA TOURS\"},\"image\":{\"@id\":\"https:\/\/riolagartosmexico.com\/#\/schema\/logo\/image\/\"},\"sameAs\":[\"https:\/\/www.facebook.com\/riolagartosrivieramayatousr\/\",\"https:\/\/www.instagram.com\/riolagartosrivieramayatours\/\"]}]}<\/script>\n<!-- \/ Yoast SEO plugin. -->","yoast_head_json":{"title":"CONTACTO | RIO LAGARTOS RIVIERA MAYA TOURS","robots":{"index":"index","follow":"follow","max-snippet":"max-snippet:-1","max-image-preview":"max-image-preview:large","max-video-preview":"max-video-preview:-1"},"canonical":"https:\/\/riolagartosmexico.com\/contacts\/","og_locale":"es_ES","og_type":"article","og_title":"CONTACTO | RIO LAGARTOS RIVIERA MAYA TOURS","og_description":"[vc_row full_width=\u00bbstretch_row_content_no_spaces\u00bb][vc_column el_class=\u00bbaligncenter\u00bb][vc_single_image image=\u00bb60&#8243; img_size=\u00bb1920&#215;700&#8243; css=\u00bb\u00bb][\/vc_column][\/vc_row][vc_row gap=\u00bb35&#8243;][vc_column width=\u00bb1\/2&#8243;][vc_custom_heading text=\u00bbCONTACTA RIO LAGARTOS RIVIERA MAYA TOURS\u00bb font_container=\u00bbtag:h1|font_size:40|text_align:left|color:%23000000&#8243; google_fonts=\u00bbfont_family:Montserrat%3Aregular%2C700|font_style:700%20bold%20regular%3A700%3Anormal\u00bb css=\u00bb\u00bb][vc_column_text css=\u00bb.vc_custom_1728033031195{margin-bottom: 0px !important;}\u00bb]Cont\u00e1ctanos para saber m\u00e1s sobre nuestros tours privados en R\u00edo Lagartos o las excursiones m\u00e1s populares de la Riviera Maya. Estaremos encantados de ayudarte a elegir, e incluso personalizar, la opci\u00f3n que mejor se adapte a [&hellip;]","og_url":"https:\/\/riolagartosmexico.com\/contacts\/","og_site_name":"RIO LAGARTOS RIVIERA MAYA TOURS","article_publisher":"https:\/\/www.facebook.com\/riolagartosrivieramayatousr\/","article_modified_time":"2024-10-04T09:10:35+00:00","og_image":[{"width":1920,"height":850,"url":"https:\/\/riolagartosmexico.com\/wp-content\/uploads\/2024\/09\/PORTADA-HOME-1920X850.jpg","type":"image\/jpeg"}],"twitter_card":"summary_large_image","twitter_misc":{"Tiempo de lectura":"1 minuto"},"schema":{"@context":"https:\/\/schema.org","@graph":[{"@type":"WebPage","@id":"https:\/\/riolagartosmexico.com\/contacts\/","url":"https:\/\/riolagartosmexico.com\/contacts\/","name":"CONTACTO | RIO LAGARTOS RIVIERA MAYA TOURS","isPartOf":{"@id":"https:\/\/riolagartosmexico.com\/#website"},"datePublished":"2024-09-30T14:07:46+00:00","dateModified":"2024-10-04T09:10:35+00:00","breadcrumb":{"@id":"https:\/\/riolagartosmexico.com\/contacts\/#breadcrumb"},"inLanguage":"es","potentialAction":[{"@type":"ReadAction","target":["https:\/\/riolagartosmexico.com\/contacts\/"]}]},{"@type":"BreadcrumbList","@id":"https:\/\/riolagartosmexico.com\/contacts\/#breadcrumb","itemListElement":[{"@type":"ListItem","position":1,"name":"Home","item":"https:\/\/riolagartosmexico.com\/es\/"},{"@type":"ListItem","position":2,"name":"CONTACTO"}]},{"@type":"WebSite","@id":"https:\/\/riolagartosmexico.com\/#website","url":"https:\/\/riolagartosmexico.com\/","name":"RIO LAGARTOS RIVIERA MAYA TOURS","description":"Tours in Rio Lagartos Mexico","publisher":{"@id":"https:\/\/riolagartosmexico.com\/#organization"},"alternateName":"PRIVATE TOURS IN RIO LAGARTOS","potentialAction":[{"@type":"SearchAction","target":{"@type":"EntryPoint","urlTemplate":"https:\/\/riolagartosmexico.com\/?s={search_term_string}"},"query-input":{"@type":"PropertyValueSpecification","valueRequired":true,"valueName":"search_term_string"}}],"inLanguage":"es"},{"@type":"Organization","@id":"https:\/\/riolagartosmexico.com\/#organization","name":"RIO LAGARTOS RIVIERA MAYA TOURS","alternateName":"PRIVATE TOURS IN RIO LAGARTOS AND THE RIVIERA MAYA","url":"https:\/\/riolagartosmexico.com\/","logo":{"@type":"ImageObject","inLanguage":"es","@id":"https:\/\/riolagartosmexico.com\/#\/schema\/logo\/image\/","url":"https:\/\/riolagartosmexico.com\/wp-content\/uploads\/2024\/09\/cropped-LGO-RIO-LAGARTOS-170X170.png","contentUrl":"https:\/\/riolagartosmexico.com\/wp-content\/uploads\/2024\/09\/cropped-LGO-RIO-LAGARTOS-170X170.png","width":512,"height":512,"caption":"RIO LAGARTOS RIVIERA MAYA TOURS"},"image":{"@id":"https:\/\/riolagartosmexico.com\/#\/schema\/logo\/image\/"},"sameAs":["https:\/\/www.facebook.com\/riolagartosrivieramayatousr\/","https:\/\/www.instagram.com\/riolagartosrivieramayatours\/"]}]}},"_links":{"self":[{"href":"https:\/\/riolagartosmexico.com\/es\/wp-json\/wp\/v2\/pages\/515","targetHints":{"allow":["GET"]}}],"collection":[{"href":"https:\/\/riolagartosmexico.com\/es\/wp-json\/wp\/v2\/pages"}],"about":[{"href":"https:\/\/riolagartosmexico.com\/es\/wp-json\/wp\/v2\/types\/page"}],"author":[{"embeddable":true,"href":"https:\/\/riolagartosmexico.com\/es\/wp-json\/wp\/v2\/users\/1"}],"replies":[{"embeddable":true,"href":"https:\/\/riolagartosmexico.com\/es\/wp-json\/wp\/v2\/comments?post=515"}],"version-history":[{"count":4,"href":"https:\/\/riolagartosmexico.com\/es\/wp-json\/wp\/v2\/pages\/515\/revisions"}],"predecessor-version":[{"id":550,"href":"https:\/\/riolagartosmexico.com\/es\/wp-json\/wp\/v2\/pages\/515\/revisions\/550"}],"wp:attachment":[{"href":"https:\/\/riolagartosmexico.com\/es\/wp-json\/wp\/v2\/media?parent=515"}],"curies":[{"name":"wp","href":"https:\/\/api.w.org\/{rel}","templated":true}]}}