{"id":513,"date":"2024-10-01T08:51:02","date_gmt":"2024-10-01T08:51:02","guid":{"rendered":"https:\/\/riolagartosmexico.com\/chi-siamo\/"},"modified":"2024-10-04T07:37:41","modified_gmt":"2024-10-04T07:37:41","slug":"quienes-somos","status":"publish","type":"page","link":"https:\/\/riolagartosmexico.com\/es\/quienes-somos\/","title":{"rendered":"QUIENES SOMOS"},"content":{"rendered":"<div class=\"wpb-content-wrapper\"><p>[vc_row full_width=\u00bbstretch_row_content_no_spaces\u00bb][vc_column][vc_single_image image=\u00bb258&#8243; img_size=\u00bb1920&#215;850&#8243; css=\u00bb\u00bb][\/vc_column][\/vc_row][vc_row][vc_column width=\u00bb1\/2&#8243;]<div class=\"ult-spacer spacer-69f45e7f0e664\" data-id=\"69f45e7f0e664\" data-height=\"50\" data-height-mobile=\"25\" data-height-tab=\"25\" data-height-tab-portrait=\"25\" data-height-mobile-landscape=\"25\" style=\"clear:both;display:block;\"><\/div>[vc_custom_heading text=\u00bbTOURS RIO LAGARTOS<br \/>\nRIVIERA MAYA\u00bb font_container=\u00bbtag:h1|font_size:45|text_align:left|color:%23000000&#8243; google_fonts=\u00bbfont_family:Montserrat%3Aregular%2C700|font_style:700%20bold%20regular%3A700%3Anormal\u00bb css=\u00bb\u00bb][vc_column_text css=\u00bb\u00bb]<\/p>\n<h2 style=\"text-align: left; font-size: 18px; line-height: 1; font-weight: 400; font-family: Montserrat;\">BIENVENIDO A LA AGENCIA DE TOURS EN RIO LAGARTOS<\/h2>\n<p>[\/vc_column_text][vc_column_text css=\u00bb\u00bb]<\/p>\n<p style=\"text-align: left; font-size: 16px; line-height: 1.5; font-weight: 400; font-family: Open Sans;\"><strong>R\u00edo Lagartos Riviera Maya Tours es una agencia de viajes especializada en tours privados en barco en la hermosa zona de R\u00edo Lagartos en Yucat\u00e1n, M\u00e9xico. <\/strong>Somos Tony y Betta, una pareja italiana que ha llamado a M\u00e9xico su hogar durante m\u00e1s de 30 a\u00f1os. Nuestra profunda pasi\u00f3n por la flora y fauna de la regi\u00f3n nos ha llevado a Yucat\u00e1n, y m\u00e1s precisamente a R\u00edo Lagartos.<\/p>\n<p style=\"text-align: left; font-size: 16px; line-height: 1.5; font-weight: 400; font-family: Open Sans;\">Con nuestros tours en barco personalizados, <strong>ofrecemos a los amantes de la naturaleza la oportunidad de experimentar la impresionante belleza de la zona de una manera \u00fanica e \u00edntima.<\/strong> Nuestra empresa nace de un profundo amor y respeto por la naturaleza y la vida silvestre, y nos esforzamos por compartir esta pasi\u00f3n con todos nuestros hu\u00e9spedes.<\/p>\n<p style=\"text-align: left; font-size: 16px; line-height: 1.5; font-weight: 400; font-family: Open Sans;\">Con m\u00e1s de <strong>20 a\u00f1os de experiencia en el sector tur\u00edstico<\/strong>, somos gu\u00edas tur\u00edsticos certificados (NOM08), asegurando a nuestros clientes un conocimiento experto y un servicio impecable en cada aventura.<\/p>\n<p>[\/vc_column_text][\/vc_column][vc_column width=\u00bb1\/2&#8243;]<div class=\"ult-spacer spacer-69f45e7f0e6af\" data-id=\"69f45e7f0e6af\" data-height=\"50\" data-height-mobile=\"25\" data-height-tab=\"25\" data-height-tab-portrait=\"25\" data-height-mobile-landscape=\"25\" style=\"clear:both;display:block;\"><\/div>[vc_single_image image=\u00bb222&#8243; img_size=\u00bbfull\u00bb alignment=\u00bbcenter\u00bb style=\u00bbvc_box_border_circle_2&#8243; border_color=\u00bbwhite\u00bb css=\u00bb\u00bb][\/vc_column][\/vc_row][vc_row full_width=\u00bbstretch_row_content_no_spaces\u00bb css=\u00bb.vc_custom_1727251303191{background-image: url(https:\/\/riolagartosmexico.com\/wp-content\/uploads\/2024\/09\/CONACT-BG-RIO-LAGARTOS-1920X700.jpg?id=60) !important;background-position: center !important;background-repeat: no-repeat !important;background-size: cover !important;}\u00bb][vc_column]<div class=\"ult-spacer spacer-69f45e7f0e6e2\" data-id=\"69f45e7f0e6e2\" data-height=\"70\" data-height-mobile=\"40\" data-height-tab=\"40\" data-height-tab-portrait=\"40\" data-height-mobile-landscape=\"40\" style=\"clear:both;display:block;\"><\/div>[vc_custom_heading text=\u00bbLA VITA ES AHORA.\u00bb font_container=\u00bbtag:h6|font_size:55|text_align:center|color:%23ffffff\u00bb google_fonts=\u00bbfont_family:Montserrat%3Aregular%2C700|font_style:700%20bold%20regular%3A700%3Anormal\u00bb css=\u00bb\u00bb][vc_column_text css=\u00bb\u00bb]<\/p>\n<h6 style=\"text-align: center; font-size: 35px; color: #ffffff; line-height: 1; font-weight: 400; font-family: Montserrat;\">\u00a1VIVE TU EXPERIENCIA CON NOSOTROS!<\/h6>\n<p>[\/vc_column_text]<div class=\" ubtn-ctn-center popmake-528\"><button type=\"button\" id=\"ubtn-8256\"  class=\"ubtn ult-adjust-bottom-margin ult-responsive ubtn-custom ubtn-no-hover-bg  none  ubtn-center popmake-528  tooltip-69f45e7f0e721\"  data-hover=\"\" data-border-color=\"#ffffff\" data-bg=\"\" data-hover-bg=\"\" data-border-hover=\"#ffffff\" data-shadow-hover=\"\" data-shadow-click=\"none\" data-shadow=\"\" data-shd-shadow=\"\"  data-ultimate-target='#ubtn-8256'  data-responsive-json-new='{\"font-size\":\"desktop:18px;\",\"line-height\":\"\"}'  style=\"font-weight:normal;width:150px;min-height:40px;padding:px px;border-radius:30px;border-width:1px;border-color:#ffffff;border-style:solid;color: #ffffff;\"><span class=\"ubtn-hover\" style=\"background-color:\"><\/span><span class=\"ubtn-data ubtn-text \" >CONTACTAR<\/span><\/button><\/div><div class=\"ult-spacer spacer-69f45e7f0e7ab\" data-id=\"69f45e7f0e7ab\" data-height=\"40\" data-height-mobile=\"5\" data-height-tab=\"5\" data-height-tab-portrait=\"5\" data-height-mobile-landscape=\"5\" style=\"clear:both;display:block;\"><\/div>[\/vc_column][\/vc_row]<\/p>\n<\/div>","protected":false},"excerpt":{"rendered":"<p>[vc_row full_width=\u00bbstretch_row_content_no_spaces\u00bb][vc_column][vc_single_image image=\u00bb258&#8243; img_size=\u00bb1920&#215;850&#8243; css=\u00bb\u00bb][\/vc_column][\/vc_row][vc_row][vc_column width=\u00bb1\/2&#8243;][vc_custom_heading text=\u00bbTOURS RIO LAGARTOS RIVIERA MAYA\u00bb font_container=\u00bbtag:h1|font_size:45|text_align:left|color:%23000000&#8243; google_fonts=\u00bbfont_family:Montserrat%3Aregular%2C700|font_style:700%20bold%20regular%3A700%3Anormal\u00bb css=\u00bb\u00bb][vc_column_text css=\u00bb\u00bb] BIENVENIDO A LA AGENCIA DE TOURS EN RIO LAGARTOS [\/vc_column_text][vc_column_text css=\u00bb\u00bb] R\u00edo Lagartos Riviera Maya Tours es una agencia de viajes especializada en tours privados en barco en la hermosa zona de R\u00edo Lagartos en Yucat\u00e1n, M\u00e9xico. Somos Tony y [&hellip;]<\/p>\n","protected":false},"author":1,"featured_media":0,"parent":0,"menu_order":0,"comment_status":"closed","ping_status":"closed","template":"","meta":{"_joinchat":[],"footnotes":""},"class_list":["post-513","page","type-page","status-publish","hentry"],"yoast_head":"<!-- This site is optimized with the Yoast SEO plugin v27.2 - https:\/\/yoast.com\/product\/yoast-seo-wordpress\/ -->\n<title>QUIENES SOMOS | RIO LAGARTOS RIVIERA MAYA TOURS<\/title>\n<meta name=\"robots\" content=\"index, follow, max-snippet:-1, max-image-preview:large, max-video-preview:-1\" \/>\n<link rel=\"canonical\" href=\"https:\/\/riolagartosmexico.com\/about\/\" \/>\n<meta property=\"og:locale\" content=\"es_ES\" \/>\n<meta property=\"og:type\" content=\"article\" \/>\n<meta property=\"og:title\" content=\"QUIENES SOMOS | RIO LAGARTOS RIVIERA MAYA TOURS\" \/>\n<meta property=\"og:description\" content=\"[vc_row full_width=\u00bbstretch_row_content_no_spaces\u00bb][vc_column][vc_single_image image=\u00bb258&#8243; img_size=\u00bb1920&#215;850&#8243; css=\u00bb\u00bb][\/vc_column][\/vc_row][vc_row][vc_column width=\u00bb1\/2&#8243;][vc_custom_heading text=\u00bbTOURS RIO LAGARTOS RIVIERA MAYA\u00bb font_container=\u00bbtag:h1|font_size:45|text_align:left|color:%23000000&#8243; google_fonts=\u00bbfont_family:Montserrat%3Aregular%2C700|font_style:700%20bold%20regular%3A700%3Anormal\u00bb css=\u00bb\u00bb][vc_column_text css=\u00bb\u00bb] BIENVENIDO A LA AGENCIA DE TOURS EN RIO LAGARTOS [\/vc_column_text][vc_column_text css=\u00bb\u00bb] R\u00edo Lagartos Riviera Maya Tours es una agencia de viajes especializada en tours privados en barco en la hermosa zona de R\u00edo Lagartos en Yucat\u00e1n, M\u00e9xico. Somos Tony y [&hellip;]\" \/>\n<meta property=\"og:url\" content=\"https:\/\/riolagartosmexico.com\/about\/\" \/>\n<meta property=\"og:site_name\" content=\"RIO LAGARTOS RIVIERA MAYA TOURS\" \/>\n<meta property=\"article:publisher\" content=\"https:\/\/www.facebook.com\/riolagartosrivieramayatousr\/\" \/>\n<meta property=\"article:modified_time\" content=\"2024-10-04T07:37:41+00:00\" \/>\n<meta property=\"og:image\" content=\"https:\/\/riolagartosmexico.com\/wp-content\/uploads\/2024\/09\/PORTADA-HOME-1920X850.jpg\" \/>\n\t<meta property=\"og:image:width\" content=\"1920\" \/>\n\t<meta property=\"og:image:height\" content=\"850\" \/>\n\t<meta property=\"og:image:type\" content=\"image\/jpeg\" \/>\n<meta name=\"twitter:card\" content=\"summary_large_image\" \/>\n<meta name=\"twitter:label1\" content=\"Tiempo de lectura\" \/>\n\t<meta name=\"twitter:data1\" content=\"2 minutos\" \/>\n<script type=\"application\/ld+json\" class=\"yoast-schema-graph\">{\"@context\":\"https:\/\/schema.org\",\"@graph\":[{\"@type\":\"WebPage\",\"@id\":\"https:\/\/riolagartosmexico.com\/about\/\",\"url\":\"https:\/\/riolagartosmexico.com\/about\/\",\"name\":\"QUIENES SOMOS | RIO LAGARTOS RIVIERA MAYA TOURS\",\"isPartOf\":{\"@id\":\"https:\/\/riolagartosmexico.com\/#website\"},\"datePublished\":\"2024-10-01T08:51:02+00:00\",\"dateModified\":\"2024-10-04T07:37:41+00:00\",\"breadcrumb\":{\"@id\":\"https:\/\/riolagartosmexico.com\/about\/#breadcrumb\"},\"inLanguage\":\"es\",\"potentialAction\":[{\"@type\":\"ReadAction\",\"target\":[\"https:\/\/riolagartosmexico.com\/about\/\"]}]},{\"@type\":\"BreadcrumbList\",\"@id\":\"https:\/\/riolagartosmexico.com\/about\/#breadcrumb\",\"itemListElement\":[{\"@type\":\"ListItem\",\"position\":1,\"name\":\"Home\",\"item\":\"https:\/\/riolagartosmexico.com\/es\/\"},{\"@type\":\"ListItem\",\"position\":2,\"name\":\"QUIENES SOMOS\"}]},{\"@type\":\"WebSite\",\"@id\":\"https:\/\/riolagartosmexico.com\/#website\",\"url\":\"https:\/\/riolagartosmexico.com\/\",\"name\":\"RIO LAGARTOS RIVIERA MAYA TOURS\",\"description\":\"Tours in Rio Lagartos Mexico\",\"publisher\":{\"@id\":\"https:\/\/riolagartosmexico.com\/#organization\"},\"alternateName\":\"PRIVATE TOURS IN RIO LAGARTOS\",\"potentialAction\":[{\"@type\":\"SearchAction\",\"target\":{\"@type\":\"EntryPoint\",\"urlTemplate\":\"https:\/\/riolagartosmexico.com\/?s={search_term_string}\"},\"query-input\":{\"@type\":\"PropertyValueSpecification\",\"valueRequired\":true,\"valueName\":\"search_term_string\"}}],\"inLanguage\":\"es\"},{\"@type\":\"Organization\",\"@id\":\"https:\/\/riolagartosmexico.com\/#organization\",\"name\":\"RIO LAGARTOS RIVIERA MAYA TOURS\",\"alternateName\":\"PRIVATE TOURS IN RIO LAGARTOS AND THE RIVIERA MAYA\",\"url\":\"https:\/\/riolagartosmexico.com\/\",\"logo\":{\"@type\":\"ImageObject\",\"inLanguage\":\"es\",\"@id\":\"https:\/\/riolagartosmexico.com\/#\/schema\/logo\/image\/\",\"url\":\"https:\/\/riolagartosmexico.com\/wp-content\/uploads\/2024\/09\/cropped-LGO-RIO-LAGARTOS-170X170.png\",\"contentUrl\":\"https:\/\/riolagartosmexico.com\/wp-content\/uploads\/2024\/09\/cropped-LGO-RIO-LAGARTOS-170X170.png\",\"width\":512,\"height\":512,\"caption\":\"RIO LAGARTOS RIVIERA MAYA TOURS\"},\"image\":{\"@id\":\"https:\/\/riolagartosmexico.com\/#\/schema\/logo\/image\/\"},\"sameAs\":[\"https:\/\/www.facebook.com\/riolagartosrivieramayatousr\/\",\"https:\/\/www.instagram.com\/riolagartosrivieramayatours\/\"]}]}<\/script>\n<!-- \/ Yoast SEO plugin. -->","yoast_head_json":{"title":"QUIENES SOMOS | RIO LAGARTOS RIVIERA MAYA TOURS","robots":{"index":"index","follow":"follow","max-snippet":"max-snippet:-1","max-image-preview":"max-image-preview:large","max-video-preview":"max-video-preview:-1"},"canonical":"https:\/\/riolagartosmexico.com\/about\/","og_locale":"es_ES","og_type":"article","og_title":"QUIENES SOMOS | RIO LAGARTOS RIVIERA MAYA TOURS","og_description":"[vc_row full_width=\u00bbstretch_row_content_no_spaces\u00bb][vc_column][vc_single_image image=\u00bb258&#8243; img_size=\u00bb1920&#215;850&#8243; css=\u00bb\u00bb][\/vc_column][\/vc_row][vc_row][vc_column width=\u00bb1\/2&#8243;][vc_custom_heading text=\u00bbTOURS RIO LAGARTOS RIVIERA MAYA\u00bb font_container=\u00bbtag:h1|font_size:45|text_align:left|color:%23000000&#8243; google_fonts=\u00bbfont_family:Montserrat%3Aregular%2C700|font_style:700%20bold%20regular%3A700%3Anormal\u00bb css=\u00bb\u00bb][vc_column_text css=\u00bb\u00bb] BIENVENIDO A LA AGENCIA DE TOURS EN RIO LAGARTOS [\/vc_column_text][vc_column_text css=\u00bb\u00bb] R\u00edo Lagartos Riviera Maya Tours es una agencia de viajes especializada en tours privados en barco en la hermosa zona de R\u00edo Lagartos en Yucat\u00e1n, M\u00e9xico. Somos Tony y [&hellip;]","og_url":"https:\/\/riolagartosmexico.com\/about\/","og_site_name":"RIO LAGARTOS RIVIERA MAYA TOURS","article_publisher":"https:\/\/www.facebook.com\/riolagartosrivieramayatousr\/","article_modified_time":"2024-10-04T07:37:41+00:00","og_image":[{"width":1920,"height":850,"url":"https:\/\/riolagartosmexico.com\/wp-content\/uploads\/2024\/09\/PORTADA-HOME-1920X850.jpg","type":"image\/jpeg"}],"twitter_card":"summary_large_image","twitter_misc":{"Tiempo de lectura":"2 minutos"},"schema":{"@context":"https:\/\/schema.org","@graph":[{"@type":"WebPage","@id":"https:\/\/riolagartosmexico.com\/about\/","url":"https:\/\/riolagartosmexico.com\/about\/","name":"QUIENES SOMOS | RIO LAGARTOS RIVIERA MAYA TOURS","isPartOf":{"@id":"https:\/\/riolagartosmexico.com\/#website"},"datePublished":"2024-10-01T08:51:02+00:00","dateModified":"2024-10-04T07:37:41+00:00","breadcrumb":{"@id":"https:\/\/riolagartosmexico.com\/about\/#breadcrumb"},"inLanguage":"es","potentialAction":[{"@type":"ReadAction","target":["https:\/\/riolagartosmexico.com\/about\/"]}]},{"@type":"BreadcrumbList","@id":"https:\/\/riolagartosmexico.com\/about\/#breadcrumb","itemListElement":[{"@type":"ListItem","position":1,"name":"Home","item":"https:\/\/riolagartosmexico.com\/es\/"},{"@type":"ListItem","position":2,"name":"QUIENES SOMOS"}]},{"@type":"WebSite","@id":"https:\/\/riolagartosmexico.com\/#website","url":"https:\/\/riolagartosmexico.com\/","name":"RIO LAGARTOS RIVIERA MAYA TOURS","description":"Tours in Rio Lagartos Mexico","publisher":{"@id":"https:\/\/riolagartosmexico.com\/#organization"},"alternateName":"PRIVATE TOURS IN RIO LAGARTOS","potentialAction":[{"@type":"SearchAction","target":{"@type":"EntryPoint","urlTemplate":"https:\/\/riolagartosmexico.com\/?s={search_term_string}"},"query-input":{"@type":"PropertyValueSpecification","valueRequired":true,"valueName":"search_term_string"}}],"inLanguage":"es"},{"@type":"Organization","@id":"https:\/\/riolagartosmexico.com\/#organization","name":"RIO LAGARTOS RIVIERA MAYA TOURS","alternateName":"PRIVATE TOURS IN RIO LAGARTOS AND THE RIVIERA MAYA","url":"https:\/\/riolagartosmexico.com\/","logo":{"@type":"ImageObject","inLanguage":"es","@id":"https:\/\/riolagartosmexico.com\/#\/schema\/logo\/image\/","url":"https:\/\/riolagartosmexico.com\/wp-content\/uploads\/2024\/09\/cropped-LGO-RIO-LAGARTOS-170X170.png","contentUrl":"https:\/\/riolagartosmexico.com\/wp-content\/uploads\/2024\/09\/cropped-LGO-RIO-LAGARTOS-170X170.png","width":512,"height":512,"caption":"RIO LAGARTOS RIVIERA MAYA TOURS"},"image":{"@id":"https:\/\/riolagartosmexico.com\/#\/schema\/logo\/image\/"},"sameAs":["https:\/\/www.facebook.com\/riolagartosrivieramayatousr\/","https:\/\/www.instagram.com\/riolagartosrivieramayatours\/"]}]}},"_links":{"self":[{"href":"https:\/\/riolagartosmexico.com\/es\/wp-json\/wp\/v2\/pages\/513","targetHints":{"allow":["GET"]}}],"collection":[{"href":"https:\/\/riolagartosmexico.com\/es\/wp-json\/wp\/v2\/pages"}],"about":[{"href":"https:\/\/riolagartosmexico.com\/es\/wp-json\/wp\/v2\/types\/page"}],"author":[{"embeddable":true,"href":"https:\/\/riolagartosmexico.com\/es\/wp-json\/wp\/v2\/users\/1"}],"replies":[{"embeddable":true,"href":"https:\/\/riolagartosmexico.com\/es\/wp-json\/wp\/v2\/comments?post=513"}],"version-history":[{"count":4,"href":"https:\/\/riolagartosmexico.com\/es\/wp-json\/wp\/v2\/pages\/513\/revisions"}],"predecessor-version":[{"id":530,"href":"https:\/\/riolagartosmexico.com\/es\/wp-json\/wp\/v2\/pages\/513\/revisions\/530"}],"wp:attachment":[{"href":"https:\/\/riolagartosmexico.com\/es\/wp-json\/wp\/v2\/media?parent=513"}],"curies":[{"name":"wp","href":"https:\/\/api.w.org\/{rel}","templated":true}]}}